{"id":17596,"date":"2020-01-12T16:37:55","date_gmt":"2020-01-12T21:37:55","guid":{"rendered":"https:\/\/sites.generatepress.com\/agency\/?page_id=17596"},"modified":"2026-03-22T22:16:43","modified_gmt":"2026-03-22T22:16:43","slug":"test","status":"publish","type":"page","link":"https:\/\/ewpwork.com\/","title":{"rendered":"Agencja pracy tymczasowej East West Plus Sp. z o.o."},"content":{"rendered":"\n<section class=\"gb-element-83df5f59\">\n<div class=\"gb-element-ed83939e\">\n<div class=\"gb-element-eb7e9932\">\n<h2 class=\"gb-text gb-text-8fba0e42\">Kompleksowa obs\u0142uga pracownik\u00f3w i pracodawc\u00f3w<\/h2>\n\n\n\n<div class=\"wp-block-buttons is-layout-flex wp-block-buttons-is-layout-flex\">\n<div class=\"wp-block-button\"><a class=\"wp-block-button__link wp-element-button\">Szukam pracy<\/a><\/div>\n\n\n\n<div class=\"wp-block-button\"><a class=\"wp-block-button__link wp-element-button\">Szukam pracownik\u00f3w<\/a><\/div>\n<\/div>\n<\/div>\n\n\n\n<div class=\"gb-element-a991ac6c\">\n<figure>\n<div>\n<figure class=\"wp-block-gallery has-nested-images columns-default is-cropped wp-block-gallery-1 is-layout-flex wp-block-gallery-is-layout-flex\">\n<figure class=\"wp-block-image size-large\"><img loading=\"lazy\" decoding=\"async\" width=\"1024\" height=\"683\" data-id=\"19911\" src=\"https:\/\/ewpwork.com\/wp-content\/uploads\/2026\/03\/business-people-discussing-strategy1-1024x683.jpg\" alt=\"\" class=\"wp-image-19911\" srcset=\"https:\/\/ewpwork.com\/wp-content\/uploads\/2026\/03\/business-people-discussing-strategy1-1024x683.jpg 1024w, https:\/\/ewpwork.com\/wp-content\/uploads\/2026\/03\/business-people-discussing-strategy1-300x200.jpg 300w, https:\/\/ewpwork.com\/wp-content\/uploads\/2026\/03\/business-people-discussing-strategy1-768x512.jpg 768w, https:\/\/ewpwork.com\/wp-content\/uploads\/2026\/03\/business-people-discussing-strategy1-1536x1024.jpg 1536w, https:\/\/ewpwork.com\/wp-content\/uploads\/2026\/03\/business-people-discussing-strategy1-2048x1365.jpg 2048w\" sizes=\"auto, (max-width: 1024px) 100vw, 1024px\" \/><\/figure>\n<\/figure>\n<\/div>\n<\/figure>\n<\/div>\n<\/div>\n<\/section>\n\n\n\n<section class=\"gb-element-7dd30ff0\">\n<div class=\"gb-element-94fe3f1b\">\n<div class=\"gb-element-d13990e2\">\n<h2 class=\"gb-text gb-text-e9324d01\">\u0141\u0105czymy pracownik\u00f3w z zagranicy z polskimi pracodawcami \u2013 szybko, legalnie i skutecznie<\/h2>\n<\/div>\n\n\n\n<div class=\"gb-element-9c7080d0\">\n<div class=\"gb-element-4974785e\">\n<div>\n<h3 class=\"gb-text-6aff272d\"><span class=\"gb-shape\"><svg aria-hidden=\"true\" data-prefix=\"fas\" data-icon=\"laptop-code\" class=\"svg-inline--fa fa-laptop-code fa-w-20\" xmlns=\"http:\/\/www.w3.org\/2000\/svg\" viewBox=\"0 0 640 512\"><path fill=\"currentColor\" d=\"M255.03 261.65c6.25 6.25 16.38 6.25 22.63 0l11.31-11.31c6.25-6.25 6.25-16.38 0-22.63L253.25 192l35.71-35.72c6.25-6.25 6.25-16.38 0-22.63l-11.31-11.31c-6.25-6.25-16.38-6.25-22.63 0l-58.34 58.34c-6.25 6.25-6.25 16.38 0 22.63l58.35 58.34zm96.01-11.3l11.31 11.31c6.25 6.25 16.38 6.25 22.63 0l58.34-58.34c6.25-6.25 6.25-16.38 0-22.63l-58.34-58.34c-6.25-6.25-16.38-6.25-22.63 0l-11.31 11.31c-6.25 6.25-6.25 16.38 0 22.63L386.75 192l-35.71 35.72c-6.25 6.25-6.25 16.38 0 22.63zM624 416H381.54c-.74 19.81-14.71 32-32.74 32H288c-18.69 0-33.02-17.47-32.77-32H16c-8.8 0-16 7.2-16 16v16c0 35.2 28.8 64 64 64h512c35.2 0 64-28.8 64-64v-16c0-8.8-7.2-16-16-16zM576 48c0-26.4-21.6-48-48-48H112C85.6 0 64 21.6 64 48v336h512V48zm-64 272H128V64h384v256z\"><\/path><\/svg><\/span><span class=\"gb-text\"><strong>Profesjonalna rekrutacja i leasing pracowniczy<\/strong><\/span><\/h3>\n\n\n\n<p>Oferujemy kompleksowe us\u0142ugi rekrutacyjne dla firm w Polsce i za granic\u0105. Zapewniamy pracownik\u00f3w tymczasowych i sta\u0142ych, legalne zatrudnienie cudzoziemc\u00f3w oraz obs\u0142ug\u0119 kadrowo-prawn\u0105.<\/p>\n<\/div>\n\n\n\n<div>\n<h3 class=\"gb-text-85c4ee0c\"><span class=\"gb-shape\"><svg aria-hidden=\"true\" data-prefix=\"fas\" data-icon=\"layer-group\" class=\"svg-inline--fa fa-layer-group fa-w-16\" xmlns=\"http:\/\/www.w3.org\/2000\/svg\" viewBox=\"0 0 512 512\"><path fill=\"currentColor\" d=\"M12.41 148.02l232.94 105.67c6.8 3.09 14.49 3.09 21.29 0l232.94-105.67c16.55-7.51 16.55-32.52 0-40.03L266.65 2.31a25.607 25.607 0 00-21.29 0L12.41 107.98c-16.55 7.51-16.55 32.53 0 40.04zm487.18 88.28l-58.09-26.33-161.64 73.27c-7.56 3.43-15.59 5.17-23.86 5.17s-16.29-1.74-23.86-5.17L70.51 209.97l-58.1 26.33c-16.55 7.5-16.55 32.5 0 40l232.94 105.59c6.8 3.08 14.49 3.08 21.29 0L499.59 276.3c16.55-7.5 16.55-32.5 0-40zm0 127.8l-57.87-26.23-161.86 73.37c-7.56 3.43-15.59 5.17-23.86 5.17s-16.29-1.74-23.86-5.17L70.29 337.87 12.41 364.1c-16.55 7.5-16.55 32.5 0 40l232.94 105.59c6.8 3.08 14.49 3.08 21.29 0L499.59 404.1c16.55-7.5 16.55-32.5 0-40z\"><\/path><\/svg><\/span><span class=\"gb-text\"><strong>Zatrudnienie i pobyt zgodny z przepisami<\/strong><\/span><\/h3>\n\n\n\n<p>Pomagamy w uzyskaniu zezwole\u0144 na prac\u0119 (typ A, B, C), o\u015bwiadcze\u0144 o powierzeniu pracy, kart pobytu czasowego oraz meldunk\u00f3w. Rejestrujemy pracownik\u00f3w w ZUS i pomagamy unikn\u0105\u0107 b\u0142\u0119d\u00f3w formalnych.<\/p>\n<\/div>\n\n\n\n<div>\n<h3 class=\"gb-text-4f25109e\"><span class=\"gb-shape\"><svg viewBox=\"0 0 448 512\" xmlns=\"http:\/\/www.w3.org\/2000\/svg\" class=\"svg-inline--fa fa-draw-polygon fa-w-14\" data-icon=\"draw-polygon\" data-prefix=\"fas\" aria-hidden=\"true\"><path d=\"M384 352c-.35 0-.67.1-1.02.1l-39.2-65.32c5.07-9.17 8.22-19.56 8.22-30.78s-3.14-21.61-8.22-30.78l39.2-65.32c.35.01.67.1 1.02.1 35.35 0 64-28.65 64-64s-28.65-64-64-64c-23.63 0-44.04 12.95-55.12 32H119.12C108.04 44.95 87.63 32 64 32 28.65 32 0 60.65 0 96c0 23.63 12.95 44.04 32 55.12v209.75C12.95 371.96 0 392.37 0 416c0 35.35 28.65 64 64 64 23.63 0 44.04-12.95 55.12-32h209.75c11.09 19.05 31.49 32 55.12 32 35.35 0 64-28.65 64-64 .01-35.35-28.64-64-63.99-64zm-288 8.88V151.12A63.825 63.825 0 00119.12 128h208.36l-38.46 64.1c-.35-.01-.67-.1-1.02-.1-35.35 0-64 28.65-64 64s28.65 64 64 64c.35 0 .67-.1 1.02-.1l38.46 64.1H119.12A63.748 63.748 0 0096 360.88zM272 256c0-8.82 7.18-16 16-16s16 7.18 16 16-7.18 16-16 16-16-7.18-16-16zM400 96c0 8.82-7.18 16-16 16s-16-7.18-16-16 7.18-16 16-16 16 7.18 16 16zM64 80c8.82 0 16 7.18 16 16s-7.18 16-16 16-16-7.18-16-16 7.18-16 16-16zM48 416c0-8.82 7.18-16 16-16s16 7.18 16 16-7.18 16-16 16-16-7.18-16-16zm336 16c-8.82 0-16-7.18-16-16s7.18-16 16-16 16 7.18 16 16-7.18 16-16 16z\" fill=\"currentColor\"><\/path><\/svg><\/span><span class=\"gb-text\"><strong>Obowi\u0105zkowe polisy zdrowotne i NNW<\/strong><\/span><\/h3>\n\n\n\n<p>Oferujemy ubezpieczenia niezb\u0119dne do legalizacji pobytu i pracy: zdrowotne, NNW oraz wymagane do uzyskania wizy krajowej lub karty pobytu. Polisy spe\u0142niaj\u0105 wymogi urz\u0119d\u00f3w i konsulat\u00f3w.<\/p>\n<\/div>\n\n\n\n<div>\n<h3 class=\"gb-text-ce2ca962\"><span class=\"gb-shape\"><svg viewBox=\"0 0 512 512\" xmlns=\"http:\/\/www.w3.org\/2000\/svg\" class=\"svg-inline--fa fa-server fa-w-16\" data-icon=\"server\" data-prefix=\"fas\" aria-hidden=\"true\"><path d=\"M480 160H32c-17.673 0-32-14.327-32-32V64c0-17.673 14.327-32 32-32h448c17.673 0 32 14.327 32 32v64c0 17.673-14.327 32-32 32zm-48-88c-13.255 0-24 10.745-24 24s10.745 24 24 24 24-10.745 24-24-10.745-24-24-24zm-64 0c-13.255 0-24 10.745-24 24s10.745 24 24 24 24-10.745 24-24-10.745-24-24-24zm112 248H32c-17.673 0-32-14.327-32-32v-64c0-17.673 14.327-32 32-32h448c17.673 0 32 14.327 32 32v64c0 17.673-14.327 32-32 32zm-48-88c-13.255 0-24 10.745-24 24s10.745 24 24 24 24-10.745 24-24-10.745-24-24-24zm-64 0c-13.255 0-24 10.745-24 24s10.745 24 24 24 24-10.745 24-24-10.745-24-24-24zm112 248H32c-17.673 0-32-14.327-32-32v-64c0-17.673 14.327-32 32-32h448c17.673 0 32 14.327 32 32v64c0 17.673-14.327 32-32 32zm-48-88c-13.255 0-24 10.745-24 24s10.745 24 24 24 24-10.745 24-24-10.745-24-24-24zm-64 0c-13.255 0-24 10.745-24 24s10.745 24 24 24 24-10.745 24-24-10.745-24-24-24z\" fill=\"currentColor\"><\/path><\/svg><\/span><span class=\"gb-text\"><strong>Pomoc w uzyskaniu wiz, przygotowanie dokument\u00f3w<\/strong><\/span><\/h3>\n\n\n\n<p>Zajmujemy si\u0119 przygotowaniem dokumentacji do wiz (Schengen, narodowe, brytyjskie, irlandzkie), zaprosze\u0144, o\u015bwiadcze\u0144, t\u0142umacze\u0144 i formularzy. Legalnie, szybko, bezpiecznie.<\/p>\n<\/div>\n<\/div>\n<\/div>\n<\/div>\n<\/section>\n\n\n\n<section class=\"gb-element-470d3a0a\">\n<h2 class=\"gb-text gb-text-4ece447f\">Recent Projects.<\/h2>\n\n\n\n<div class=\"gb-element-dd41faf3\">\n<div class=\"gb-element-3782fde0\">\n<img loading=\"lazy\" decoding=\"async\" width=\"1200\" height=\"800\" class=\"gb-media-034e0f9d\" src=\"https:\/\/ewpwork.com\/wp-content\/uploads\/2020\/02\/agency-one-1.png\" srcset=\"https:\/\/ewpwork.com\/wp-content\/uploads\/2020\/02\/agency-one-1.png 1200w, https:\/\/ewpwork.com\/wp-content\/uploads\/2020\/02\/agency-one-1-300x200.png 300w, https:\/\/ewpwork.com\/wp-content\/uploads\/2020\/02\/agency-one-1-1024x683.png 1024w, https:\/\/ewpwork.com\/wp-content\/uploads\/2020\/02\/agency-one-1-768x512.png 768w\" sizes=\"auto, (max-width: 1200px) 100vw, 1200px\" \/>\n\n\n\n<h3 class=\"gb-text gb-text-f67a322a\">Medical Group Website<\/h3>\n\n\n\n<a class=\"gb-text-df79e2dc\" href=\"https:\/\/sites.generatepress.com\/agency\/case-study-one\/\"><span class=\"gb-text\">VIEW PROJECT<\/span><span class=\"gb-shape\"><svg aria-hidden=\"true\" data-prefix=\"fas\" data-icon=\"long-arrow-alt-right\" class=\"svg-inline--fa fa-long-arrow-alt-right fa-w-14\" xmlns=\"http:\/\/www.w3.org\/2000\/svg\" viewBox=\"0 0 448 512\"><path fill=\"currentColor\" d=\"M313.941 216H12c-6.627 0-12 5.373-12 12v56c0 6.627 5.373 12 12 12h301.941v46.059c0 21.382 25.851 32.09 40.971 16.971l86.059-86.059c9.373-9.373 9.373-24.569 0-33.941l-86.059-86.059c-15.119-15.119-40.971-4.411-40.971 16.971V216z\"><\/path><\/svg><\/span><\/a>\n<\/div>\n\n\n\n<div class=\"gb-element-3a204915\">\n<img loading=\"lazy\" decoding=\"async\" width=\"1200\" height=\"800\" class=\"gb-media-9750305c\" src=\"https:\/\/ewpwork.com\/wp-content\/uploads\/2020\/02\/agency-two-1.png\" srcset=\"https:\/\/ewpwork.com\/wp-content\/uploads\/2020\/02\/agency-two-1.png 1200w, https:\/\/ewpwork.com\/wp-content\/uploads\/2020\/02\/agency-two-1-300x200.png 300w, https:\/\/ewpwork.com\/wp-content\/uploads\/2020\/02\/agency-two-1-1024x683.png 1024w, https:\/\/ewpwork.com\/wp-content\/uploads\/2020\/02\/agency-two-1-768x512.png 768w\" sizes=\"auto, (max-width: 1200px) 100vw, 1200px\" \/>\n\n\n\n<h3 class=\"gb-text gb-text-49edfd15\">Weather App Development<\/h3>\n\n\n\n<a class=\"gb-text-02b5e949\" href=\"https:\/\/sites.generatepress.com\/agency\/case-study-two\/\"><span class=\"gb-text\">VIEW PROJECT<\/span><span class=\"gb-shape\"><svg aria-hidden=\"true\" data-prefix=\"fas\" data-icon=\"long-arrow-alt-right\" class=\"svg-inline--fa fa-long-arrow-alt-right fa-w-14\" xmlns=\"http:\/\/www.w3.org\/2000\/svg\" viewBox=\"0 0 448 512\"><path fill=\"currentColor\" d=\"M313.941 216H12c-6.627 0-12 5.373-12 12v56c0 6.627 5.373 12 12 12h301.941v46.059c0 21.382 25.851 32.09 40.971 16.971l86.059-86.059c9.373-9.373 9.373-24.569 0-33.941l-86.059-86.059c-15.119-15.119-40.971-4.411-40.971 16.971V216z\"><\/path><\/svg><\/span><\/a>\n<\/div>\n\n\n\n<div class=\"gb-element-8158a942\">\n<img loading=\"lazy\" decoding=\"async\" width=\"1200\" height=\"800\" class=\"gb-media-5da4c249\" src=\"https:\/\/ewpwork.com\/wp-content\/uploads\/2020\/02\/agency-three-1.png\" srcset=\"https:\/\/ewpwork.com\/wp-content\/uploads\/2020\/02\/agency-three-1.png 1200w, https:\/\/ewpwork.com\/wp-content\/uploads\/2020\/02\/agency-three-1-300x200.png 300w, https:\/\/ewpwork.com\/wp-content\/uploads\/2020\/02\/agency-three-1-1024x683.png 1024w, https:\/\/ewpwork.com\/wp-content\/uploads\/2020\/02\/agency-three-1-768x512.png 768w\" sizes=\"auto, (max-width: 1200px) 100vw, 1200px\" \/>\n\n\n\n<h3 class=\"gb-text gb-text-5b9fa53b\">Tech Startup Identity<\/h3>\n\n\n\n<a class=\"gb-text-7362230f\" href=\"https:\/\/sites.generatepress.com\/agency\/case-study-three\/\"><span class=\"gb-text\">VIEW PROJECT<\/span><span class=\"gb-shape\"><svg aria-hidden=\"true\" data-prefix=\"fas\" data-icon=\"long-arrow-alt-right\" class=\"svg-inline--fa fa-long-arrow-alt-right fa-w-14\" xmlns=\"http:\/\/www.w3.org\/2000\/svg\" viewBox=\"0 0 448 512\"><path fill=\"currentColor\" d=\"M313.941 216H12c-6.627 0-12 5.373-12 12v56c0 6.627 5.373 12 12 12h301.941v46.059c0 21.382 25.851 32.09 40.971 16.971l86.059-86.059c9.373-9.373 9.373-24.569 0-33.941l-86.059-86.059c-15.119-15.119-40.971-4.411-40.971 16.971V216z\"><\/path><\/svg><\/span><\/a>\n<\/div>\n<\/div>\n<\/section>\n\n\n\n<section class=\"gb-element-3f21ce43\">\n<div class=\"gb-element-21bd5b8b\">\n<h4 class=\"gb-text-c267a84d\"><span class=\"gb-shape\"><svg xmlns=\"http:\/\/www.w3.org\/2000\/svg\" viewBox=\"0 0 60 52.906\"><path d=\"M24.104 10.505c1.5-.629 2.13-2.42 1.452-3.872l-2.372-4.985A2.893 2.893 0 0019.409.245c-4.114 1.742-7.648 4.017-10.455 6.776-3.437 3.242-5.76 6.969-7.018 11.084C.678 22.267 0 27.93 0 35.142v14.86a2.913 2.913 0 002.904 2.904h19.022a2.913 2.913 0 002.904-2.904V30.979a2.912 2.912 0 00-2.904-2.904h-9.1c.097-4.889 1.258-8.809 3.388-11.762 1.743-2.371 4.357-4.307 7.89-5.808zM58.276 10.505c1.5-.629 2.129-2.42 1.452-3.872l-2.372-4.937C56.678.292 55.033-.337 53.581.292 49.516 2.035 46.03 4.31 43.175 7.021c-3.437 3.291-5.808 7.018-7.067 11.133-1.258 4.065-1.887 9.729-1.887 16.989v14.86a2.913 2.913 0 002.904 2.904h19.022a2.913 2.913 0 002.904-2.904V30.98a2.912 2.912 0 00-2.904-2.904h-9.148c.097-4.889 1.259-8.809 3.388-11.762 1.742-2.372 4.356-4.308 7.889-5.809z\"><\/path><\/svg><\/span><span class=\"gb-text\">Szukasz pracownik\u00f3w tymczasowych, sezonowych lub sta\u0142ych? Znajdziemy ich dla Ciebie szybko, legalnie i profesjonalnie. Dzia\u0142amy kompleksowo \u2013 od A do Z. Wspieramy przedsi\u00e9biorstwa na terenie ca\u0142ej Polski<\/span><\/h4>\n\n\n\n<p class=\"gb-text gb-text-17111881\">\u2013 Happy Client<\/p>\n<\/div>\n<\/section>\n\n\n\n<section class=\"gb-element-67619802\">\n<h3 class=\"gb-text gb-text-12468025\">Ready to Get Started? <\/h3>\n\n\n\n<a class=\"gb-text-931647a2\" href=\"https:\/\/sites.generatepress.com\/agency\/contact\/\"><span class=\"gb-text\">Contact Us<\/span><span class=\"gb-shape\"><svg aria-hidden=\"true\" data-prefix=\"fas\" data-icon=\"long-arrow-alt-right\" class=\"svg-inline--fa fa-long-arrow-alt-right fa-w-14\" xmlns=\"http:\/\/www.w3.org\/2000\/svg\" viewBox=\"0 0 448 512\"><path fill=\"currentColor\" d=\"M313.941 216H12c-6.627 0-12 5.373-12 12v56c0 6.627 5.373 12 12 12h301.941v46.059c0 21.382 25.851 32.09 40.971 16.971l86.059-86.059c9.373-9.373 9.373-24.569 0-33.941l-86.059-86.059c-15.119-15.119-40.971-4.411-40.971 16.971V216z\"><\/path><\/svg><\/span><\/a>\n<\/section>\n","protected":false},"excerpt":{"rendered":"<p>Kompleksowa obs\u0142uga pracownik\u00f3w i pracodawc\u00f3w \u0141\u0105czymy pracownik\u00f3w z zagranicy z polskimi pracodawcami \u2013 szybko, legalnie i skutecznie Profesjonalna rekrutacja i leasing pracowniczy Oferujemy kompleksowe us\u0142ugi rekrutacyjne dla firm w Polsce i za granic\u0105. Zapewniamy pracownik\u00f3w tymczasowych i sta\u0142ych, legalne zatrudnienie cudzoziemc\u00f3w oraz obs\u0142ug\u0119 kadrowo-prawn\u0105. Zatrudnienie i pobyt zgodny z przepisami Pomagamy w uzyskaniu zezwole\u0144 na &#8230; <a title=\"Agencja pracy tymczasowej East West Plus Sp. z o.o.\" class=\"read-more\" href=\"https:\/\/ewpwork.com\/\" aria-label=\"Read more about Agencja pracy tymczasowej East West Plus Sp. z o.o.\">\u0427\u0438\u0442\u0430\u0442\u044c \u0434\u0430\u043b\u0435\u0435<\/a><\/p>\n","protected":false},"author":2,"featured_media":0,"parent":0,"menu_order":0,"comment_status":"closed","ping_status":"closed","template":"","meta":{"footnotes":""},"class_list":["post-17596","page","type-page","status-publish"],"_links":{"self":[{"href":"https:\/\/ewpwork.com\/index.php?rest_route=\/wp\/v2\/pages\/17596","targetHints":{"allow":["GET"]}}],"collection":[{"href":"https:\/\/ewpwork.com\/index.php?rest_route=\/wp\/v2\/pages"}],"about":[{"href":"https:\/\/ewpwork.com\/index.php?rest_route=\/wp\/v2\/types\/page"}],"author":[{"embeddable":true,"href":"https:\/\/ewpwork.com\/index.php?rest_route=\/wp\/v2\/users\/2"}],"replies":[{"embeddable":true,"href":"https:\/\/ewpwork.com\/index.php?rest_route=%2Fwp%2Fv2%2Fcomments&post=17596"}],"version-history":[{"count":7,"href":"https:\/\/ewpwork.com\/index.php?rest_route=\/wp\/v2\/pages\/17596\/revisions"}],"predecessor-version":[{"id":19914,"href":"https:\/\/ewpwork.com\/index.php?rest_route=\/wp\/v2\/pages\/17596\/revisions\/19914"}],"wp:attachment":[{"href":"https:\/\/ewpwork.com\/index.php?rest_route=%2Fwp%2Fv2%2Fmedia&parent=17596"}],"curies":[{"name":"wp","href":"https:\/\/api.w.org\/{rel}","templated":true}]}}